{"id":21,"date":"2026-02-26T17:40:47","date_gmt":"2026-02-26T17:40:47","guid":{"rendered":"https:\/\/www.eltranquefruits.com.homepage.cl\/about\/"},"modified":"2026-03-11T13:30:53","modified_gmt":"2026-03-11T13:30:53","slug":"nosotros","status":"publish","type":"page","link":"https:\/\/www.eltranquefruits.com\/en\/nosotros\/","title":{"rendered":"About us"},"content":{"rendered":"\t\t<div data-elementor-type=\"wp-page\" data-elementor-id=\"21\" class=\"elementor elementor-21\">\n\t\t\t\t<div class=\"elementor-element elementor-element-6a98bc0 e-con-full e-flex e-con e-parent\" data-id=\"6a98bc0\" data-element_type=\"container\" data-e-type=\"container\">\n\t\t<div class=\"elementor-element elementor-element-e0af446 e-con-full e-flex e-con e-child\" data-id=\"e0af446\" data-element_type=\"container\" data-e-type=\"container\">\n\t\t\t\t<div class=\"elementor-element elementor-element-258f778 elementor-widget elementor-widget-image\" data-id=\"258f778\" data-element_type=\"widget\" data-e-type=\"widget\" data-widget_type=\"image.default\">\n\t\t\t\t\t\t\t\t\t\t\t\t\t\t\t<img fetchpriority=\"high\" decoding=\"async\" width=\"1910\" height=\"1673\" src=\"https:\/\/www.eltranquefruits.com\/wp-content\/uploads\/2026\/02\/pexels-fotios-photos-1395958-scaled-e1772140632165.jpg\" class=\"attachment-full size-full wp-image-83\" alt=\"\" srcset=\"https:\/\/www.eltranquefruits.com\/wp-content\/uploads\/2026\/02\/pexels-fotios-photos-1395958-scaled-e1772140632165.jpg 1910w, https:\/\/www.eltranquefruits.com\/wp-content\/uploads\/2026\/02\/pexels-fotios-photos-1395958-scaled-e1772140632165-300x263.jpg 300w, https:\/\/www.eltranquefruits.com\/wp-content\/uploads\/2026\/02\/pexels-fotios-photos-1395958-scaled-e1772140632165-1024x897.jpg 1024w, https:\/\/www.eltranquefruits.com\/wp-content\/uploads\/2026\/02\/pexels-fotios-photos-1395958-scaled-e1772140632165-768x673.jpg 768w, https:\/\/www.eltranquefruits.com\/wp-content\/uploads\/2026\/02\/pexels-fotios-photos-1395958-scaled-e1772140632165-1536x1345.jpg 1536w\" sizes=\"(max-width: 1910px) 100vw, 1910px\" \/>\t\t\t\t\t\t\t\t\t\t\t\t\t\t\t<\/div>\n\t\t\t\t<\/div>\n\t\t<div class=\"elementor-element elementor-element-ccb1204 e-con-full e-flex e-con e-child\" data-id=\"ccb1204\" data-element_type=\"container\" data-e-type=\"container\">\n\t\t\t\t<div class=\"elementor-element elementor-element-5441cb66 elementor-widget elementor-widget-heading\" data-id=\"5441cb66\" data-element_type=\"widget\" data-e-type=\"widget\" data-widget_type=\"heading.default\">\n\t\t\t\t\t<h1 class=\"elementor-heading-title elementor-size-default\">\u00bfQui\u00e9nes somos?<\/h1>\t\t\t\t<\/div>\n\t\t\t\t<div class=\"elementor-element elementor-element-6321f01 elementor-widget elementor-widget-text-editor\" data-id=\"6321f01\" data-element_type=\"widget\" data-e-type=\"widget\" data-widget_type=\"text-editor.default\">\n\t\t\t\t\t\t\t\t\t<p data-start=\"139\" data-end=\"509\">El Tranque Fruits ha desarrollado su actividad en el comercio internacional de frutas frescas y frutos secos, construyendo relaciones comerciales basadas en confianza, cercan\u00eda y cumplimiento. Nuestra experiencia trabajando con productores y compradores en distintos mercados nos permite comprender las exigencias de cada operaci\u00f3n y responder con seriedad y compromiso.<\/p><p data-start=\"511\" data-end=\"792\">Con presencia operativa en Europa, acompa\u00f1amos cada proceso comercial y log\u00edstico de forma directa, realizando seguimiento antes, durante y despu\u00e9s de los env\u00edos. Este enfoque nos permite ofrecer respaldo constante y generar v\u00ednculos de largo plazo con quienes conf\u00edan en nosotros.<\/p>\t\t\t\t\t\t\t\t<\/div>\n\t\t\t\t<\/div>\n\t\t\t\t<\/div>\n\t\t<div class=\"elementor-element elementor-element-79296d2b e-con-full e-flex e-con e-parent\" data-id=\"79296d2b\" data-element_type=\"container\" data-e-type=\"container\" data-settings=\"{&quot;background_background&quot;:&quot;classic&quot;}\">\n\t\t<div class=\"elementor-element elementor-element-510b9c74 e-con-full e-flex e-con e-child\" data-id=\"510b9c74\" data-element_type=\"container\" data-e-type=\"container\">\n\t\t\t\t<div class=\"elementor-element elementor-element-352d86 elementor-widget elementor-widget-heading\" data-id=\"352d86\" data-element_type=\"widget\" data-e-type=\"widget\" data-widget_type=\"heading.default\">\n\t\t\t\t\t<h2 class=\"elementor-heading-title elementor-size-default\">Estamos disponibles para evaluar tus necesidades y acompa\u00f1arte en tu pr\u00f3xima operaci\u00f3n comercial.<\/h2>\t\t\t\t<\/div>\n\t\t\t\t<div class=\"elementor-element elementor-element-3a9068a0 elementor-widget elementor-widget-text-editor\" data-id=\"3a9068a0\" data-element_type=\"widget\" data-e-type=\"widget\" data-widget_type=\"text-editor.default\">\n\t\t\t\t\t\t\t\t\t<div class=\"flex flex-col text-sm pb-25\"><article class=\"text-token-text-primary w-full focus:outline-none [--shadow-height:45px] has-data-writing-block:pointer-events-none has-data-writing-block:-mt-(--shadow-height) has-data-writing-block:pt-(--shadow-height) [&amp;:has([data-writing-block])&gt;*]:pointer-events-auto scroll-mt-[calc(var(--header-height)+min(200px,max(70px,20svh)))]\" dir=\"auto\" tabindex=\"-1\" data-turn-id=\"request-6995df0c-6970-8392-a243-1f15bba0dea4-82\" data-testid=\"conversation-turn-206\" data-scroll-anchor=\"true\" data-turn=\"assistant\"><div class=\"text-base my-auto mx-auto pb-10 [--thread-content-margin:--spacing(4)] @w-sm\/main:[--thread-content-margin:--spacing(6)] @w-lg\/main:[--thread-content-margin:--spacing(16)] px-(--thread-content-margin)\"><div class=\"[--thread-content-max-width:40rem] @w-lg\/main:[--thread-content-max-width:48rem] mx-auto max-w-(--thread-content-max-width) flex-1 group\/turn-messages focus-visible:outline-hidden relative flex w-full min-w-0 flex-col agent-turn\" tabindex=\"-1\"><div class=\"flex max-w-full flex-col grow\"><div class=\"min-h-8 text-message relative flex w-full flex-col items-end gap-2 text-start break-words whitespace-normal [.text-message+&amp;]:mt-1\" dir=\"auto\" data-message-author-role=\"assistant\" data-message-id=\"10f4c2c9-a3f3-45d6-ab24-0f6c4884b05e\" data-message-model-slug=\"gpt-5-2\"><div class=\"flex w-full flex-col gap-1 empty:hidden first:pt-[1px]\"><div class=\"markdown prose dark:prose-invert w-full wrap-break-word light markdown-new-styling\"><p data-start=\"0\" data-end=\"120\" data-is-last-node=\"\" data-is-only-node=\"\">Nuestro equipo est\u00e1 disponible para brindar asesor\u00eda comercial y acompa\u00f1amiento personalizado en cada etapa del proceso.<\/p><\/div><\/div><\/div><\/div><div class=\"z-0 flex min-h-[46px] justify-start\">\u00a0<\/div><div class=\"mt-3 w-full empty:hidden\"><div class=\"text-center\">\u00a0<\/div><\/div><\/div><\/div><\/article><\/div><div class=\"pointer-events-none h-px w-px absolute bottom-0\" aria-hidden=\"true\" data-edge=\"true\">\u00a0<\/div>\t\t\t\t\t\t\t\t<\/div>\n\t\t\t\t<div class=\"elementor-element elementor-element-52ad0315 elementor-mobile-align-center elementor-invisible elementor-widget elementor-widget-button\" data-id=\"52ad0315\" data-element_type=\"widget\" data-e-type=\"widget\" data-settings=\"{&quot;_animation&quot;:&quot;fadeInDown&quot;}\" data-widget_type=\"button.default\">\n\t\t\t\t\t\t\t\t\t\t<a class=\"elementor-button elementor-button-link elementor-size-sm\" href=\"http:\/\/www.eltranquefruits.com\/\/contacto\">\n\t\t\t\t\t\t<span class=\"elementor-button-content-wrapper\">\n\t\t\t\t\t\t\t\t\t<span class=\"elementor-button-text\">Contacto<\/span>\n\t\t\t\t\t<\/span>\n\t\t\t\t\t<\/a>\n\t\t\t\t\t\t\t\t<\/div>\n\t\t\t\t<\/div>\n\t\t<div class=\"elementor-element elementor-element-7df6c05d e-con-full e-flex e-con e-child\" data-id=\"7df6c05d\" data-element_type=\"container\" data-e-type=\"container\">\n\t\t\t\t<div class=\"elementor-element elementor-element-30d25159 elementor-widget elementor-widget-image\" data-id=\"30d25159\" data-element_type=\"widget\" data-e-type=\"widget\" data-widget_type=\"image.default\">\n\t\t\t\t\t\t\t\t\t\t\t\t\t\t\t<img decoding=\"async\" width=\"2560\" height=\"1707\" src=\"https:\/\/www.eltranquefruits.com\/wp-content\/uploads\/2026\/03\/pexels-erenalkis-32920568-scaled.jpg\" class=\"attachment-full size-full wp-image-470\" alt=\"El Tranque fruits avellanas\" srcset=\"https:\/\/www.eltranquefruits.com\/wp-content\/uploads\/2026\/03\/pexels-erenalkis-32920568-scaled.jpg 2560w, https:\/\/www.eltranquefruits.com\/wp-content\/uploads\/2026\/03\/pexels-erenalkis-32920568-300x200.jpg 300w, https:\/\/www.eltranquefruits.com\/wp-content\/uploads\/2026\/03\/pexels-erenalkis-32920568-1024x683.jpg 1024w, https:\/\/www.eltranquefruits.com\/wp-content\/uploads\/2026\/03\/pexels-erenalkis-32920568-768x512.jpg 768w, https:\/\/www.eltranquefruits.com\/wp-content\/uploads\/2026\/03\/pexels-erenalkis-32920568-1536x1024.jpg 1536w, https:\/\/www.eltranquefruits.com\/wp-content\/uploads\/2026\/03\/pexels-erenalkis-32920568-2048x1365.jpg 2048w, https:\/\/www.eltranquefruits.com\/wp-content\/uploads\/2026\/03\/pexels-erenalkis-32920568-18x12.jpg 18w, https:\/\/www.eltranquefruits.com\/wp-content\/uploads\/2026\/03\/pexels-erenalkis-32920568-600x400.jpg 600w\" sizes=\"(max-width: 2560px) 100vw, 2560px\" \/>\t\t\t\t\t\t\t\t\t\t\t\t\t\t\t<\/div>\n\t\t\t\t<\/div>\n\t\t\t\t<\/div>\n\t\t\t\t<\/div>\n\t\t","protected":false},"excerpt":{"rendered":"<p>\u00bfQui\u00e9nes somos? El Tranque Fruits ha desarrollado su actividad en el comercio internacional de frutas frescas y frutos secos, construyendo [&hellip;]<\/p>\n","protected":false},"author":1,"featured_media":26,"parent":0,"menu_order":0,"comment_status":"closed","ping_status":"closed","template":"elementor_header_footer","meta":{"site-sidebar-layout":"default","site-content-layout":"","ast-site-content-layout":"default","site-content-style":"default","site-sidebar-style":"default","ast-global-header-display":"","ast-banner-title-visibility":"","ast-main-header-display":"","ast-hfb-above-header-display":"","ast-hfb-below-header-display":"","ast-hfb-mobile-header-display":"","site-post-title":"","ast-breadcrumbs-content":"","ast-featured-img":"","footer-sml-layout":"","ast-disable-related-posts":"","theme-transparent-header-meta":"","adv-header-id-meta":"","stick-header-meta":"","header-above-stick-meta":"","header-main-stick-meta":"","header-below-stick-meta":"","astra-migrate-meta-layouts":"default","ast-page-background-enabled":"default","ast-page-background-meta":{"desktop":{"background-color":"var(--ast-global-color-5)","background-image":"","background-repeat":"repeat","background-position":"center center","background-size":"auto","background-attachment":"scroll","background-type":"","background-media":"","overlay-type":"","overlay-color":"","overlay-opacity":"","overlay-gradient":""},"tablet":{"background-color":"","background-image":"","background-repeat":"repeat","background-position":"center center","background-size":"auto","background-attachment":"scroll","background-type":"","background-media":"","overlay-type":"","overlay-color":"","overlay-opacity":"","overlay-gradient":""},"mobile":{"background-color":"","background-image":"","background-repeat":"repeat","background-position":"center center","background-size":"auto","background-attachment":"scroll","background-type":"","background-media":"","overlay-type":"","overlay-color":"","overlay-opacity":"","overlay-gradient":""}},"ast-content-background-meta":{"desktop":{"background-color":"var(--ast-global-color-4)","background-image":"","background-repeat":"repeat","background-position":"center center","background-size":"auto","background-attachment":"scroll","background-type":"","background-media":"","overlay-type":"","overlay-color":"","overlay-opacity":"","overlay-gradient":""},"tablet":{"background-color":"var(--ast-global-color-4)","background-image":"","background-repeat":"repeat","background-position":"center center","background-size":"auto","background-attachment":"scroll","background-type":"","background-media":"","overlay-type":"","overlay-color":"","overlay-opacity":"","overlay-gradient":""},"mobile":{"background-color":"var(--ast-global-color-4)","background-image":"","background-repeat":"repeat","background-position":"center center","background-size":"auto","background-attachment":"scroll","background-type":"","background-media":"","overlay-type":"","overlay-color":"","overlay-opacity":"","overlay-gradient":""}},"footnotes":""},"class_list":["post-21","page","type-page","status-publish","has-post-thumbnail","hentry"],"_links":{"self":[{"href":"https:\/\/www.eltranquefruits.com\/en\/wp-json\/wp\/v2\/pages\/21","targetHints":{"allow":["GET"]}}],"collection":[{"href":"https:\/\/www.eltranquefruits.com\/en\/wp-json\/wp\/v2\/pages"}],"about":[{"href":"https:\/\/www.eltranquefruits.com\/en\/wp-json\/wp\/v2\/types\/page"}],"author":[{"embeddable":true,"href":"https:\/\/www.eltranquefruits.com\/en\/wp-json\/wp\/v2\/users\/1"}],"replies":[{"embeddable":true,"href":"https:\/\/www.eltranquefruits.com\/en\/wp-json\/wp\/v2\/comments?post=21"}],"version-history":[{"count":66,"href":"https:\/\/www.eltranquefruits.com\/en\/wp-json\/wp\/v2\/pages\/21\/revisions"}],"predecessor-version":[{"id":568,"href":"https:\/\/www.eltranquefruits.com\/en\/wp-json\/wp\/v2\/pages\/21\/revisions\/568"}],"wp:featuredmedia":[{"embeddable":true,"href":"https:\/\/www.eltranquefruits.com\/en\/wp-json\/wp\/v2\/media\/26"}],"wp:attachment":[{"href":"https:\/\/www.eltranquefruits.com\/en\/wp-json\/wp\/v2\/media?parent=21"}],"curies":[{"name":"wp","href":"https:\/\/api.w.org\/{rel}","templated":true}]}}